{"id":38864,"date":"2023-01-19T20:34:21","date_gmt":"2023-01-19T20:34:21","guid":{"rendered":"https:\/\/savadent.al\/blog\/"},"modified":"2026-02-16T13:47:27","modified_gmt":"2026-02-16T13:47:27","slug":"blog","status":"publish","type":"page","link":"https:\/\/savadent.al\/sq\/blog","title":{"rendered":"Blog"},"content":{"rendered":"\t\t<div data-elementor-type=\"wp-page\" data-elementor-id=\"38864\" class=\"elementor elementor-38864 elementor-29578\">\n\t\t\t\t<div class=\"elementor-element elementor-element-80651d6 cmsmasters-section-for-header-yes e-flex e-con-boxed cmsmasters-bg-hide-none cmsmasters-bg-hide-none cmsmasters-block-default e-con e-parent\" data-id=\"80651d6\" data-element_type=\"container\" data-e-type=\"container\" data-settings=\"{&quot;background_background&quot;:&quot;classic&quot;}\">\n\t\t\t\t\t<div class=\"e-con-inner\">\n\t\t\t\t<div data-separate-animation-selector=\".cmsmasters-widget-title__heading\" data-text-animation-class=\"sequental, random, line, word, char\" class=\"elementor-element elementor-element-8765727 cmsmasters-line-clamp-no cmsmasters-color-variation-default cmsmasters-pointer-none cmsmasters-block-default cmsmasters-sticky-default elementor-widget elementor-widget-cmsmasters-page-title cmsmasters-widget-title\" data-id=\"8765727\" data-element_type=\"widget\" data-e-type=\"widget\" data-widget_type=\"cmsmasters-page-title.default\">\n\t\t\t\t\t<h1 class=\"entry-title cmsmasters-widget-title__heading \">Arkiva<\/h1>\t\t\t\t<\/div>\n\t\t\t\t<div class=\"elementor-element elementor-element-d3a4e9a cmsmasters-breadcrumbs-alignment-right cmsmasters-breadcrumbs-alignment-mobile-left cmsmasters-separator-type-text cmsmasters-block-default cmsmasters-sticky-default elementor-widget elementor-widget-cmsmasters-breadcrumbs cmsmasters-widget-breadcrumbs\" data-id=\"d3a4e9a\" data-element_type=\"widget\" data-e-type=\"widget\" data-widget_type=\"cmsmasters-breadcrumbs.default\">\n\t\t\t\t\t<div class=\"cmsmasters-widget-breadcrumbs__container\"><div class=\"cmsmasters-widget-breadcrumbs__content\"><a href=\"https:\/\/savadent.al\/sq\" class=\"cmsmasters-home\">Home<\/a><span class=\"cmsmasters-widget-breadcrumbs__sep\"><span>\/<\/span><\/span><span>No breadcrumbs<\/span><\/div><\/div>\t\t\t\t<\/div>\n\t\t\t\t\t<\/div>\n\t\t\t\t<\/div>\n\t\t<div class=\"elementor-element elementor-element-e90a4e5 e-flex e-con-boxed cmsmasters-block-default e-con e-parent\" data-id=\"e90a4e5\" data-element_type=\"container\" data-e-type=\"container\">\n\t\t\t\t\t<div class=\"e-con-inner\">\n\t\t\t\t<div class=\"elementor-element elementor-element-224a7ff cmsmasters-blog--layout-custom cmsmasters-blog-grid-marker__marker-icon cmsmasters-block-default cmsmasters-sticky-default elementor-widget elementor-widget-cmsmasters-blog-grid elementor-widget-cmsmasters-blog-similar\" data-id=\"224a7ff\" data-element_type=\"widget\" data-e-type=\"widget\" data-settings=\"{&quot;blog_layout&quot;:&quot;custom&quot;,&quot;blog_template_id&quot;:&quot;143&quot;,&quot;columns_tablet&quot;:&quot;2&quot;,&quot;post_gap_column&quot;:{&quot;unit&quot;:&quot;px&quot;,&quot;size&quot;:30,&quot;sizes&quot;:[]},&quot;post_gap_column_tablet&quot;:{&quot;unit&quot;:&quot;px&quot;,&quot;size&quot;:30,&quot;sizes&quot;:[]},&quot;post_gap_row&quot;:{&quot;unit&quot;:&quot;px&quot;,&quot;size&quot;:60,&quot;sizes&quot;:[]},&quot;post_gap_row_tablet&quot;:{&quot;unit&quot;:&quot;px&quot;,&quot;size&quot;:40,&quot;sizes&quot;:[]},&quot;post_gap_row_mobile&quot;:{&quot;unit&quot;:&quot;px&quot;,&quot;size&quot;:30,&quot;sizes&quot;:[]},&quot;columns&quot;:3,&quot;columns_mobile&quot;:&quot;1&quot;,&quot;blog_post_type&quot;:&quot;post&quot;,&quot;query_control_prefix&quot;:&quot;blog&quot;,&quot;post_gap_column_widescreen&quot;:{&quot;unit&quot;:&quot;px&quot;,&quot;size&quot;:&quot;&quot;,&quot;sizes&quot;:[]},&quot;post_gap_row_widescreen&quot;:{&quot;unit&quot;:&quot;px&quot;,&quot;size&quot;:&quot;&quot;,&quot;sizes&quot;:[]}}\" data-widget_type=\"cmsmasters-blog-grid.default\" data-document-id=\"38864\">\n\t\t\t\t\t<div class=\"cmsmasters-blog cmsmasters-blog-grid cmsmasters-blog--type-default\"><div class=\"cmsmasters-blog__posts-variable\"><div class=\"cmsmasters-blog__posts-wrap\"><div class=\"cmsmasters-blog__posts\"><article id=\"post-38855\" class=\"cmsmasters-blog__post post-38855 post type-post status-publish format-standard has-post-thumbnail hentry category-artikuj\"><div class=\"cmsmasters-blog__post-inner\"><div data-elementor-type=\"cmsmasters_entry\" data-elementor-id=\"39489\" class=\"elementor elementor-39489 elementor-143\">\t\t\t<div class=\"elementor-inner\">\r\n\t\t\t\t<div class=\"elementor-section-wrap\">\r\n\t\t\t\t\t<div class=\"elementor-element elementor-element-79a5e8fa e-flex e-con-boxed cmsmasters-block-default e-con e-parent\" data-id=\"79a5e8fa\" data-element_type=\"container\" data-e-type=\"container\">\n\t\t\t\t\t<div class=\"e-con-inner\">\n\t\t<div class=\"elementor-element elementor-element-7fa4bc96 e-flex e-con-boxed cmsmasters-block-default e-con e-child\" data-id=\"7fa4bc96\" data-element_type=\"container\" data-e-type=\"container\">\n\t\t\t\t\t<div class=\"e-con-inner\">\n\t\t\t\t<div class=\"elementor-element elementor-element-312e4407 cmsmasters-object-fit cmsmasters-object-fit-cover elementor-widget__width-inherit elementor-absolute cmsmasters-block-default cmsmasters-sticky-default elementor-widget elementor-widget-cmsmasters-post-featured-image cmsmasters-widget-image\" data-id=\"312e4407\" data-element_type=\"widget\" data-e-type=\"widget\" data-settings=\"{&quot;_position&quot;:&quot;absolute&quot;}\" data-widget_type=\"cmsmasters-post-featured-image.default\">\n\t\t\t\t\t<div class=\"cmsmasters-widget-image__wrap\"><a href=\"https:\/\/savadent.al\/sq\/artikuj\/tendencat-globale-qe-formesojne-stomatologjine-ne-2026-cfare-duhet-te-dine-klinikat-dhe-pacientet.html\" data-elementor-open-lightbox=\"\" aria-label=\"Featured Image\"><img decoding=\"async\" src=\"https:\/\/savadent.al\/wp-content\/uploads\/2026\/01\/SAVA-DENT-12292025_154724.jpg\" title=\"SAVA-DENT-12292025_154724\" alt=\"SAVA-DENT-12292025_154724\" loading=\"lazy\" \/><div class=\"cmsmasters-background-overlay-wrap\"><\/div><\/a><\/div>\t\t\t\t<\/div>\n\t\t\t\t\t<\/div>\n\t\t\t\t<\/div>\n\t\t\t\t<div class=\"elementor-element elementor-element-62c96d82 cmsmasters-count--dir-row cmsmasters-block-default cmsmasters-sticky-default elementor-widget elementor-widget-cmsmasters-meta-data\" data-id=\"62c96d82\" data-element_type=\"widget\" data-e-type=\"widget\" data-widget_type=\"cmsmasters-meta-data.default\">\n\t\t\t\t\t\t\t<div class=\"cmsmasters-meta-data\">\r\n\t\t\t<div class=\"cmsmasters-meta-data__inner\">\r\n\t\t\t\t<div class=\"cmsmasters-meta-data__item elementor-repeater-item-a83d265\"><div class=\"cmsmasters-meta-data__item__inner\"><span data-taxonomy=\"category\" class=\"cmsmasters-postmeta\" data-name=\"taxonomy\"><span class=\"cmsmasters-postmeta__inner\"><span class=\"cmsmasters-postmeta__content\"><span class=\"term-wrap\"><a class=\"term\" rel=\"category tag\" href=\"https:\/\/savadent.al\/sq\/category\/artikuj\"><span>Artikuj<\/span><\/a><\/span><\/span><\/span><\/span><\/div><\/div>\t\t\t<\/div>\r\n\t\t<\/div>\r\n\t\t\t\t\t\t<\/div>\n\t\t\t\t<div data-separate-animation-selector=\".cmsmasters-widget-title__heading\" data-text-animation-class=\"sequental, random, line, word, char\" class=\"elementor-element elementor-element-1d530099 cmsmasters-pointer-underline cmsmasters-line-clamp-no cmsmasters-color-variation-default cmsmasters-animation-slide cmsmasters-block-default cmsmasters-sticky-default elementor-widget elementor-widget-cmsmasters-post-title cmsmasters-widget-title\" data-id=\"1d530099\" data-element_type=\"widget\" data-e-type=\"widget\" data-widget_type=\"cmsmasters-post-title.default\">\n\t\t\t\t\t<h4 class=\"entry-title cmsmasters-widget-title__heading\"><a href=\"https:\/\/savadent.al\/sq\/artikuj\/tendencat-globale-qe-formesojne-stomatologjine-ne-2026-cfare-duhet-te-dine-klinikat-dhe-pacientet.html\" class=\"cmsmasters-animation\">Tendencat Globale q\u00eb Form\u00ebsojn\u00eb Stomatologjin\u00eb n\u00eb 2026: \u00c7far\u00eb Duhet t\u00eb Din\u00eb Klinikat dhe Pacient\u00ebt<\/a><\/h4>\t\t\t\t<\/div>\n\t\t\t\t<div class=\"elementor-element elementor-element-2a7b66b1 e-transform cmsmasters-icon-arrangement-together cmsmasters-block-default cmsmasters-sticky-default elementor-widget elementor-widget-cmsmasters-button\" data-id=\"2a7b66b1\" data-element_type=\"widget\" data-e-type=\"widget\" data-settings=\"{&quot;_transform_translateX_effect_hover&quot;:{&quot;unit&quot;:&quot;px&quot;,&quot;size&quot;:3,&quot;sizes&quot;:[]},&quot;_transform_translateX_effect_hover_widescreen&quot;:{&quot;unit&quot;:&quot;px&quot;,&quot;size&quot;:&quot;&quot;,&quot;sizes&quot;:[]},&quot;_transform_translateX_effect_hover_tablet&quot;:{&quot;unit&quot;:&quot;px&quot;,&quot;size&quot;:&quot;&quot;,&quot;sizes&quot;:[]},&quot;_transform_translateX_effect_hover_mobile&quot;:{&quot;unit&quot;:&quot;px&quot;,&quot;size&quot;:&quot;&quot;,&quot;sizes&quot;:[]},&quot;_transform_translateY_effect_hover&quot;:{&quot;unit&quot;:&quot;px&quot;,&quot;size&quot;:&quot;&quot;,&quot;sizes&quot;:[]},&quot;_transform_translateY_effect_hover_widescreen&quot;:{&quot;unit&quot;:&quot;px&quot;,&quot;size&quot;:&quot;&quot;,&quot;sizes&quot;:[]},&quot;_transform_translateY_effect_hover_tablet&quot;:{&quot;unit&quot;:&quot;px&quot;,&quot;size&quot;:&quot;&quot;,&quot;sizes&quot;:[]},&quot;_transform_translateY_effect_hover_mobile&quot;:{&quot;unit&quot;:&quot;px&quot;,&quot;size&quot;:&quot;&quot;,&quot;sizes&quot;:[]}}\" data-widget_type=\"cmsmasters-button.default\">\n\t\t\t\t\t<div class=\"elementor-widget-cmsmasters-button__button-container\"><div class=\"elementor-widget-cmsmasters-button__button-container-inner\"><a href=\"https:\/\/savadent.al\/sq\/artikuj\/tendencat-globale-qe-formesojne-stomatologjine-ne-2026-cfare-duhet-te-dine-klinikat-dhe-pacientet.html\" class=\"cmsmasters-button-link elementor-widget-cmsmasters-button__button cmsmasters-icon-view-default cmsmasters-icon-shape- cmsmasters-button-size-sm\" role=\"button\" tabindex=\"0\"><span class=\"elementor-widget-cmsmasters-button__content-wrapper cmsmasters-align-icon-right\"><span class=\"elementor-widget-cmsmasters-button__icon\"><svg xmlns=\"http:\/\/www.w3.org\/2000\/svg\" width=\"1356\" height=\"1024\" viewBox=\"0 0 1356 1024\"><g id=\"icomoon-ignore\"><\/g><path d=\"M1356.108 512c0 282.77-229.23 512-512 512s-512-229.23-512-512c0-282.77 229.23-512 512-512s512 229.23 512 512z\"><\/path><path d=\"M923.083 535.624c5.402-5.405 5.402-14.167 0-19.572l-88.064-88.061c-5.405-5.405-14.167-5.405-19.569 0-5.405 5.402-5.405 14.164 0 19.569l78.278 78.278-78.278 78.278c-5.405 5.405-5.405 14.167 0 19.569 5.402 5.405 14.164 5.405 19.569 0l88.064-88.061zM0 539.676h913.297v-27.676h-913.297v27.676z\" fill=\"#2E303F\"><\/path><\/svg><\/span><span class=\"elementor-widget-cmsmasters-button__text\">Shiko M\u00eb Shum\u00eb<\/span><\/span><\/a><\/div><\/div>\t\t\t\t<\/div>\n\t\t\t\t\t<\/div>\n\t\t\t\t<\/div>\n\t\t\t\t\t\t<\/div>\r\n\t\t\t<\/div>\r\n\t\t<\/div><\/div><\/article><article id=\"post-38860\" class=\"cmsmasters-blog__post post-38860 post type-post status-publish format-standard has-post-thumbnail hentry category-artikuj\"><div class=\"cmsmasters-blog__post-inner\"><div data-elementor-type=\"cmsmasters_entry\" data-elementor-id=\"39489\" class=\"elementor elementor-39489 elementor-143\">\t\t\t<div class=\"elementor-inner\">\r\n\t\t\t\t<div class=\"elementor-section-wrap\">\r\n\t\t\t\t\t<div class=\"elementor-element elementor-element-79a5e8fa e-flex e-con-boxed cmsmasters-block-default e-con e-parent\" data-id=\"79a5e8fa\" data-element_type=\"container\" data-e-type=\"container\">\n\t\t\t\t\t<div class=\"e-con-inner\">\n\t\t<div class=\"elementor-element elementor-element-7fa4bc96 e-flex e-con-boxed cmsmasters-block-default e-con e-child\" data-id=\"7fa4bc96\" data-element_type=\"container\" data-e-type=\"container\">\n\t\t\t\t\t<div class=\"e-con-inner\">\n\t\t\t\t<div class=\"elementor-element elementor-element-312e4407 cmsmasters-object-fit cmsmasters-object-fit-cover elementor-widget__width-inherit elementor-absolute cmsmasters-block-default cmsmasters-sticky-default elementor-widget elementor-widget-cmsmasters-post-featured-image cmsmasters-widget-image\" data-id=\"312e4407\" data-element_type=\"widget\" data-e-type=\"widget\" data-settings=\"{&quot;_position&quot;:&quot;absolute&quot;}\" data-widget_type=\"cmsmasters-post-featured-image.default\">\n\t\t\t\t\t<div class=\"cmsmasters-widget-image__wrap\"><a href=\"https:\/\/savadent.al\/sq\/artikuj\/si-klinikat-moderne-po-ripercaktojne-pervojen-e-pacientit-dhe-rezultatet-e-shendetit-oral.html\" data-elementor-open-lightbox=\"\" aria-label=\"Featured Image\"><img decoding=\"async\" src=\"https:\/\/savadent.al\/wp-content\/uploads\/2026\/01\/SAVA-DENT-12292025_154827-scaled.webp\" title=\"SAVA-DENT-12292025_154827\" alt=\"SAVA-DENT-12292025_154827\" loading=\"lazy\" \/><div class=\"cmsmasters-background-overlay-wrap\"><\/div><\/a><\/div>\t\t\t\t<\/div>\n\t\t\t\t\t<\/div>\n\t\t\t\t<\/div>\n\t\t\t\t<div class=\"elementor-element elementor-element-62c96d82 cmsmasters-count--dir-row cmsmasters-block-default cmsmasters-sticky-default elementor-widget elementor-widget-cmsmasters-meta-data\" data-id=\"62c96d82\" data-element_type=\"widget\" data-e-type=\"widget\" data-widget_type=\"cmsmasters-meta-data.default\">\n\t\t\t\t\t\t\t<div class=\"cmsmasters-meta-data\">\r\n\t\t\t<div class=\"cmsmasters-meta-data__inner\">\r\n\t\t\t\t<div class=\"cmsmasters-meta-data__item elementor-repeater-item-a83d265\"><div class=\"cmsmasters-meta-data__item__inner\"><span data-taxonomy=\"category\" class=\"cmsmasters-postmeta\" data-name=\"taxonomy\"><span class=\"cmsmasters-postmeta__inner\"><span class=\"cmsmasters-postmeta__content\"><span class=\"term-wrap\"><a class=\"term\" rel=\"category tag\" href=\"https:\/\/savadent.al\/sq\/category\/artikuj\"><span>Artikuj<\/span><\/a><\/span><\/span><\/span><\/span><\/div><\/div>\t\t\t<\/div>\r\n\t\t<\/div>\r\n\t\t\t\t\t\t<\/div>\n\t\t\t\t<div data-separate-animation-selector=\".cmsmasters-widget-title__heading\" data-text-animation-class=\"sequental, random, line, word, char\" class=\"elementor-element elementor-element-1d530099 cmsmasters-pointer-underline cmsmasters-line-clamp-no cmsmasters-color-variation-default cmsmasters-animation-slide cmsmasters-block-default cmsmasters-sticky-default elementor-widget elementor-widget-cmsmasters-post-title cmsmasters-widget-title\" data-id=\"1d530099\" data-element_type=\"widget\" data-e-type=\"widget\" data-widget_type=\"cmsmasters-post-title.default\">\n\t\t\t\t\t<h4 class=\"entry-title cmsmasters-widget-title__heading\"><a href=\"https:\/\/savadent.al\/sq\/artikuj\/si-klinikat-moderne-po-ripercaktojne-pervojen-e-pacientit-dhe-rezultatet-e-shendetit-oral.html\" class=\"cmsmasters-animation\">Si Klinikat Moderne po Rip\u00ebrcaktojn\u00eb P\u00ebrvoj\u00ebn e Pacientit dhe Rezultatet e Sh\u00ebndetit Oral<\/a><\/h4>\t\t\t\t<\/div>\n\t\t\t\t<div class=\"elementor-element elementor-element-2a7b66b1 e-transform cmsmasters-icon-arrangement-together cmsmasters-block-default cmsmasters-sticky-default elementor-widget elementor-widget-cmsmasters-button\" data-id=\"2a7b66b1\" data-element_type=\"widget\" data-e-type=\"widget\" data-settings=\"{&quot;_transform_translateX_effect_hover&quot;:{&quot;unit&quot;:&quot;px&quot;,&quot;size&quot;:3,&quot;sizes&quot;:[]},&quot;_transform_translateX_effect_hover_widescreen&quot;:{&quot;unit&quot;:&quot;px&quot;,&quot;size&quot;:&quot;&quot;,&quot;sizes&quot;:[]},&quot;_transform_translateX_effect_hover_tablet&quot;:{&quot;unit&quot;:&quot;px&quot;,&quot;size&quot;:&quot;&quot;,&quot;sizes&quot;:[]},&quot;_transform_translateX_effect_hover_mobile&quot;:{&quot;unit&quot;:&quot;px&quot;,&quot;size&quot;:&quot;&quot;,&quot;sizes&quot;:[]},&quot;_transform_translateY_effect_hover&quot;:{&quot;unit&quot;:&quot;px&quot;,&quot;size&quot;:&quot;&quot;,&quot;sizes&quot;:[]},&quot;_transform_translateY_effect_hover_widescreen&quot;:{&quot;unit&quot;:&quot;px&quot;,&quot;size&quot;:&quot;&quot;,&quot;sizes&quot;:[]},&quot;_transform_translateY_effect_hover_tablet&quot;:{&quot;unit&quot;:&quot;px&quot;,&quot;size&quot;:&quot;&quot;,&quot;sizes&quot;:[]},&quot;_transform_translateY_effect_hover_mobile&quot;:{&quot;unit&quot;:&quot;px&quot;,&quot;size&quot;:&quot;&quot;,&quot;sizes&quot;:[]}}\" data-widget_type=\"cmsmasters-button.default\">\n\t\t\t\t\t<div class=\"elementor-widget-cmsmasters-button__button-container\"><div class=\"elementor-widget-cmsmasters-button__button-container-inner\"><a href=\"https:\/\/savadent.al\/sq\/artikuj\/si-klinikat-moderne-po-ripercaktojne-pervojen-e-pacientit-dhe-rezultatet-e-shendetit-oral.html\" class=\"cmsmasters-button-link elementor-widget-cmsmasters-button__button cmsmasters-icon-view-default cmsmasters-icon-shape- cmsmasters-button-size-sm\" role=\"button\" tabindex=\"0\"><span class=\"elementor-widget-cmsmasters-button__content-wrapper cmsmasters-align-icon-right\"><span class=\"elementor-widget-cmsmasters-button__icon\"><svg xmlns=\"http:\/\/www.w3.org\/2000\/svg\" width=\"1356\" height=\"1024\" viewBox=\"0 0 1356 1024\"><g id=\"icomoon-ignore\"><\/g><path d=\"M1356.108 512c0 282.77-229.23 512-512 512s-512-229.23-512-512c0-282.77 229.23-512 512-512s512 229.23 512 512z\"><\/path><path d=\"M923.083 535.624c5.402-5.405 5.402-14.167 0-19.572l-88.064-88.061c-5.405-5.405-14.167-5.405-19.569 0-5.405 5.402-5.405 14.164 0 19.569l78.278 78.278-78.278 78.278c-5.405 5.405-5.405 14.167 0 19.569 5.402 5.405 14.164 5.405 19.569 0l88.064-88.061zM0 539.676h913.297v-27.676h-913.297v27.676z\" fill=\"#2E303F\"><\/path><\/svg><\/span><span class=\"elementor-widget-cmsmasters-button__text\">Shiko M\u00eb Shum\u00eb<\/span><\/span><\/a><\/div><\/div>\t\t\t\t<\/div>\n\t\t\t\t\t<\/div>\n\t\t\t\t<\/div>\n\t\t\t\t\t\t<\/div>\r\n\t\t\t<\/div>\r\n\t\t<\/div><\/div><\/article><article id=\"post-38713\" class=\"cmsmasters-blog__post post-38713 post type-post status-publish format-standard has-post-thumbnail hentry category-artikuj\"><div class=\"cmsmasters-blog__post-inner\"><div data-elementor-type=\"cmsmasters_entry\" data-elementor-id=\"39489\" class=\"elementor elementor-39489 elementor-143\">\t\t\t<div class=\"elementor-inner\">\r\n\t\t\t\t<div class=\"elementor-section-wrap\">\r\n\t\t\t\t\t<div class=\"elementor-element elementor-element-79a5e8fa e-flex e-con-boxed cmsmasters-block-default e-con e-parent\" data-id=\"79a5e8fa\" data-element_type=\"container\" data-e-type=\"container\">\n\t\t\t\t\t<div class=\"e-con-inner\">\n\t\t<div class=\"elementor-element elementor-element-7fa4bc96 e-flex e-con-boxed cmsmasters-block-default e-con e-child\" data-id=\"7fa4bc96\" data-element_type=\"container\" data-e-type=\"container\">\n\t\t\t\t\t<div class=\"e-con-inner\">\n\t\t\t\t<div class=\"elementor-element elementor-element-312e4407 cmsmasters-object-fit cmsmasters-object-fit-cover elementor-widget__width-inherit elementor-absolute cmsmasters-block-default cmsmasters-sticky-default elementor-widget elementor-widget-cmsmasters-post-featured-image cmsmasters-widget-image\" data-id=\"312e4407\" data-element_type=\"widget\" data-e-type=\"widget\" data-settings=\"{&quot;_position&quot;:&quot;absolute&quot;}\" data-widget_type=\"cmsmasters-post-featured-image.default\">\n\t\t\t\t\t<div class=\"cmsmasters-widget-image__wrap\"><a href=\"https:\/\/savadent.al\/sq\/artikuj\/e-ardhmja-eshte-tani-stomatologjia-ne-2026-nje-nderthurje-e-inovacionit-kujdesit-dhe-nderlidhjes.html\" data-elementor-open-lightbox=\"\" aria-label=\"Featured Image\"><img decoding=\"async\" src=\"https:\/\/savadent.al\/wp-content\/uploads\/2025\/01\/17270866.jpg\" title=\"17270866\" alt=\"17270866\" loading=\"lazy\" \/><div class=\"cmsmasters-background-overlay-wrap\"><\/div><\/a><\/div>\t\t\t\t<\/div>\n\t\t\t\t\t<\/div>\n\t\t\t\t<\/div>\n\t\t\t\t<div class=\"elementor-element elementor-element-62c96d82 cmsmasters-count--dir-row cmsmasters-block-default cmsmasters-sticky-default elementor-widget elementor-widget-cmsmasters-meta-data\" data-id=\"62c96d82\" data-element_type=\"widget\" data-e-type=\"widget\" data-widget_type=\"cmsmasters-meta-data.default\">\n\t\t\t\t\t\t\t<div class=\"cmsmasters-meta-data\">\r\n\t\t\t<div class=\"cmsmasters-meta-data__inner\">\r\n\t\t\t\t<div class=\"cmsmasters-meta-data__item elementor-repeater-item-a83d265\"><div class=\"cmsmasters-meta-data__item__inner\"><span data-taxonomy=\"category\" class=\"cmsmasters-postmeta\" data-name=\"taxonomy\"><span class=\"cmsmasters-postmeta__inner\"><span class=\"cmsmasters-postmeta__content\"><span class=\"term-wrap\"><a class=\"term\" rel=\"category tag\" href=\"https:\/\/savadent.al\/sq\/category\/artikuj\"><span>Artikuj<\/span><\/a><\/span><\/span><\/span><\/span><\/div><\/div>\t\t\t<\/div>\r\n\t\t<\/div>\r\n\t\t\t\t\t\t<\/div>\n\t\t\t\t<div data-separate-animation-selector=\".cmsmasters-widget-title__heading\" data-text-animation-class=\"sequental, random, line, word, char\" class=\"elementor-element elementor-element-1d530099 cmsmasters-pointer-underline cmsmasters-line-clamp-no cmsmasters-color-variation-default cmsmasters-animation-slide cmsmasters-block-default cmsmasters-sticky-default elementor-widget elementor-widget-cmsmasters-post-title cmsmasters-widget-title\" data-id=\"1d530099\" data-element_type=\"widget\" data-e-type=\"widget\" data-widget_type=\"cmsmasters-post-title.default\">\n\t\t\t\t\t<h4 class=\"entry-title cmsmasters-widget-title__heading\"><a href=\"https:\/\/savadent.al\/sq\/artikuj\/e-ardhmja-eshte-tani-stomatologjia-ne-2026-nje-nderthurje-e-inovacionit-kujdesit-dhe-nderlidhjes.html\" class=\"cmsmasters-animation\">E Ardhmja \u00cbsht\u00eb Tani: Stomatologjia n\u00eb 2026 \u2014 Nj\u00eb Nd\u00ebrthurje e Inovacionit, Kujdesit dhe Nd\u00ebrlidhjes<\/a><\/h4>\t\t\t\t<\/div>\n\t\t\t\t<div class=\"elementor-element elementor-element-2a7b66b1 e-transform cmsmasters-icon-arrangement-together cmsmasters-block-default cmsmasters-sticky-default elementor-widget elementor-widget-cmsmasters-button\" data-id=\"2a7b66b1\" data-element_type=\"widget\" data-e-type=\"widget\" data-settings=\"{&quot;_transform_translateX_effect_hover&quot;:{&quot;unit&quot;:&quot;px&quot;,&quot;size&quot;:3,&quot;sizes&quot;:[]},&quot;_transform_translateX_effect_hover_widescreen&quot;:{&quot;unit&quot;:&quot;px&quot;,&quot;size&quot;:&quot;&quot;,&quot;sizes&quot;:[]},&quot;_transform_translateX_effect_hover_tablet&quot;:{&quot;unit&quot;:&quot;px&quot;,&quot;size&quot;:&quot;&quot;,&quot;sizes&quot;:[]},&quot;_transform_translateX_effect_hover_mobile&quot;:{&quot;unit&quot;:&quot;px&quot;,&quot;size&quot;:&quot;&quot;,&quot;sizes&quot;:[]},&quot;_transform_translateY_effect_hover&quot;:{&quot;unit&quot;:&quot;px&quot;,&quot;size&quot;:&quot;&quot;,&quot;sizes&quot;:[]},&quot;_transform_translateY_effect_hover_widescreen&quot;:{&quot;unit&quot;:&quot;px&quot;,&quot;size&quot;:&quot;&quot;,&quot;sizes&quot;:[]},&quot;_transform_translateY_effect_hover_tablet&quot;:{&quot;unit&quot;:&quot;px&quot;,&quot;size&quot;:&quot;&quot;,&quot;sizes&quot;:[]},&quot;_transform_translateY_effect_hover_mobile&quot;:{&quot;unit&quot;:&quot;px&quot;,&quot;size&quot;:&quot;&quot;,&quot;sizes&quot;:[]}}\" data-widget_type=\"cmsmasters-button.default\">\n\t\t\t\t\t<div class=\"elementor-widget-cmsmasters-button__button-container\"><div class=\"elementor-widget-cmsmasters-button__button-container-inner\"><a href=\"https:\/\/savadent.al\/sq\/artikuj\/e-ardhmja-eshte-tani-stomatologjia-ne-2026-nje-nderthurje-e-inovacionit-kujdesit-dhe-nderlidhjes.html\" class=\"cmsmasters-button-link elementor-widget-cmsmasters-button__button cmsmasters-icon-view-default cmsmasters-icon-shape- cmsmasters-button-size-sm\" role=\"button\" tabindex=\"0\"><span class=\"elementor-widget-cmsmasters-button__content-wrapper cmsmasters-align-icon-right\"><span class=\"elementor-widget-cmsmasters-button__icon\"><svg xmlns=\"http:\/\/www.w3.org\/2000\/svg\" width=\"1356\" height=\"1024\" viewBox=\"0 0 1356 1024\"><g id=\"icomoon-ignore\"><\/g><path d=\"M1356.108 512c0 282.77-229.23 512-512 512s-512-229.23-512-512c0-282.77 229.23-512 512-512s512 229.23 512 512z\"><\/path><path d=\"M923.083 535.624c5.402-5.405 5.402-14.167 0-19.572l-88.064-88.061c-5.405-5.405-14.167-5.405-19.569 0-5.405 5.402-5.405 14.164 0 19.569l78.278 78.278-78.278 78.278c-5.405 5.405-5.405 14.167 0 19.569 5.402 5.405 14.164 5.405 19.569 0l88.064-88.061zM0 539.676h913.297v-27.676h-913.297v27.676z\" fill=\"#2E303F\"><\/path><\/svg><\/span><span class=\"elementor-widget-cmsmasters-button__text\">Shiko M\u00eb Shum\u00eb<\/span><\/span><\/a><\/div><\/div>\t\t\t\t<\/div>\n\t\t\t\t\t<\/div>\n\t\t\t\t<\/div>\n\t\t\t\t\t\t<\/div>\r\n\t\t\t<\/div>\r\n\t\t<\/div><\/div><\/article><\/div><\/div><\/div><\/div>\t\t\t\t<\/div>\n\t\t\t\t\t<\/div>\n\t\t\t\t<\/div>\n\t\t\t\t<\/div>\n\t\t","protected":false},"excerpt":{"rendered":"<p>Home\/No breadcrumbs<\/p>\n","protected":false},"author":2,"featured_media":0,"parent":0,"menu_order":0,"comment_status":"closed","ping_status":"closed","template":"","meta":{"_acf_changed":false,"slim_seo":{"title":"E Ardhmja \u00cbsht\u00eb Tani: Stomatologjia n\u00eb 2026 \u2014 Nj\u00eb Nd\u00ebrthurje e Inovacionit, Kujdesit dhe Nd\u00ebrlidhjes - Savadent Dental Clinic","description":"Ekipi yn\u00eb i profesionist\u00ebve t\u00eb kualifikuar t\u00eb kujdesit sh\u00ebndet\u00ebsor \u00ebsht\u00eb i p\u00ebrkushtuar t\u2019ju ofroj\u00eb zgjidhje t\u00eb sigurta, efektive dhe t\u00eb personalizuara t\u00eb terapi"},"footnotes":""},"class_list":["post-38864","page","type-page","status-publish","hentry"],"acf":[],"_links":{"self":[{"href":"https:\/\/savadent.al\/sq\/wp-json\/wp\/v2\/pages\/38864","targetHints":{"allow":["GET"]}}],"collection":[{"href":"https:\/\/savadent.al\/sq\/wp-json\/wp\/v2\/pages"}],"about":[{"href":"https:\/\/savadent.al\/sq\/wp-json\/wp\/v2\/types\/page"}],"author":[{"embeddable":true,"href":"https:\/\/savadent.al\/sq\/wp-json\/wp\/v2\/users\/2"}],"replies":[{"embeddable":true,"href":"https:\/\/savadent.al\/sq\/wp-json\/wp\/v2\/comments?post=38864"}],"version-history":[{"count":0,"href":"https:\/\/savadent.al\/sq\/wp-json\/wp\/v2\/pages\/38864\/revisions"}],"wp:attachment":[{"href":"https:\/\/savadent.al\/sq\/wp-json\/wp\/v2\/media?parent=38864"}],"curies":[{"name":"wp","href":"https:\/\/api.w.org\/{rel}","templated":true}]}}